{"id":26,"date":"2022-06-11T23:31:02","date_gmt":"2022-06-11T23:31:02","guid":{"rendered":"https:\/\/hdmona-langen.de\/?page_id=26"},"modified":"2024-07-22T00:27:00","modified_gmt":"2024-07-22T00:27:00","slug":"ueber-uns","status":"publish","type":"page","link":"https:\/\/hdmona-langen.de\/?page_id=26","title":{"rendered":"\u00dcber Uns"},"content":{"rendered":"\t\t<div data-elementor-type=\"wp-page\" data-elementor-id=\"26\" class=\"elementor elementor-26\">\n\t\t\t\t\t\t\t\t\t<section class=\"elementor-section elementor-top-section elementor-element elementor-element-36b4c30f elementor-section-boxed elementor-section-height-default elementor-section-height-default\" data-id=\"36b4c30f\" data-element_type=\"section\">\n\t\t\t\t\t\t<div class=\"elementor-container elementor-column-gap-default\">\n\t\t\t\t\t<div class=\"elementor-column elementor-col-100 elementor-top-column elementor-element elementor-element-51de975f\" data-id=\"51de975f\" data-element_type=\"column\">\n\t\t\t<div class=\"elementor-widget-wrap elementor-element-populated\">\n\t\t\t\t\t\t\t\t<div class=\"elementor-element elementor-element-39a547da elementor-widget elementor-widget-text-editor\" data-id=\"39a547da\" data-element_type=\"widget\" data-widget_type=\"text-editor.default\">\n\t\t\t\t<div class=\"elementor-widget-container\">\n\t\t\t<style>\/*! elementor - v3.7.0 - 08-08-2022 *\/\n.elementor-widget-text-editor.elementor-drop-cap-view-stacked .elementor-drop-cap{background-color:#818a91;color:#fff}.elementor-widget-text-editor.elementor-drop-cap-view-framed .elementor-drop-cap{color:#818a91;border:3px solid;background-color:transparent}.elementor-widget-text-editor:not(.elementor-drop-cap-view-default) .elementor-drop-cap{margin-top:8px}.elementor-widget-text-editor:not(.elementor-drop-cap-view-default) .elementor-drop-cap-letter{width:1em;height:1em}.elementor-widget-text-editor .elementor-drop-cap{float:left;text-align:center;line-height:1;font-size:50px}.elementor-widget-text-editor .elementor-drop-cap-letter{display:inline-block}<\/style>\t\t\t\t<h1>RED SEA &#8211; Bar &amp; Restaurant<\/h1><p>Im Red Sea begr\u00fc\u00dfen wir Sie herzlich zu einer kulinarischen Reise durch die vielf\u00e4ltigen Aromen und Geschm\u00e4cker Eritreas. Unser Restaurant ist ein Ort, an dem Tradition und Gastfreundschaft aufeinandertreffen, um Ihnen ein unvergessliches kulinarisches Erlebnis zu bieten.<br \/>Tauchen Sie ein in die Welt der eritreischen K\u00fcche und lassen Sie sich von unseren einzigartigen Geschmackskombinationen begeistern. Unsere Gerichte werden mit einer Vielzahl von Gew\u00fcrzen und Kr\u00e4utern zubereitet, die jedem Bissen eine unvergleichliche Note verleihen. Dazu servieren wir frisch gebackenes Injera, ein traditionelles eritreisches Fladenbrot, das perfekt dazu geeignet ist, unsere schmackhaften Saucen und Eint\u00f6pfe aufzunehmen.<br \/>Wir sind stolz darauf, ein St\u00fcck eritreischer Kultur und Gastfreundschaft in unsere Gemeinde zu bringen und freuen uns, Sie im Massai willkommen zu hei\u00dfen. Kommen Sie vorbei und entdecken Sie die Faszination der eritreischen K\u00fcche \u2013 eine Geschmacksexplosion, die Sie begeistern wird!<\/p><p>Ihr Red Sea Team<\/p><p><a href=\"https:\/\/hdmona-langen.de\/wp-content\/uploads\/2024\/07\/REDSEARESLANGEN-scaled.jpg\"><img loading=\"lazy\" decoding=\"async\" class=\"wp-image-390 size-large alignnone\" src=\"https:\/\/hdmona-langen.de\/wp-content\/uploads\/2024\/07\/REDSEARESLANGEN-724x1024.jpg\" alt=\"\" width=\"724\" height=\"1024\" srcset=\"https:\/\/hdmona-langen.de\/wp-content\/uploads\/2024\/07\/REDSEARESLANGEN-724x1024.jpg 724w, https:\/\/hdmona-langen.de\/wp-content\/uploads\/2024\/07\/REDSEARESLANGEN-212x300.jpg 212w, https:\/\/hdmona-langen.de\/wp-content\/uploads\/2024\/07\/REDSEARESLANGEN-768x1086.jpg 768w, https:\/\/hdmona-langen.de\/wp-content\/uploads\/2024\/07\/REDSEARESLANGEN-1086x1536.jpg 1086w, https:\/\/hdmona-langen.de\/wp-content\/uploads\/2024\/07\/REDSEARESLANGEN-1448x2048.jpg 1448w, https:\/\/hdmona-langen.de\/wp-content\/uploads\/2024\/07\/REDSEARESLANGEN-1320x1867.jpg 1320w, https:\/\/hdmona-langen.de\/wp-content\/uploads\/2024\/07\/REDSEARESLANGEN-600x849.jpg 600w, https:\/\/hdmona-langen.de\/wp-content\/uploads\/2024\/07\/REDSEARESLANGEN-scaled.jpg 1810w\" sizes=\"auto, (max-width: 724px) 100vw, 724px\" \/><\/a><\/p>\t\t\t\t\t\t<\/div>\n\t\t\t\t<\/div>\n\t\t\t\t\t<\/div>\n\t\t<\/div>\n\t\t\t\t\t\t\t<\/div>\n\t\t<\/section>\n\t\t\t\t\t\t\t<\/div>\n\t\t","protected":false},"excerpt":{"rendered":"<p>RED SEA &#8211; Bar &amp; Restaurant Im Red Sea begr\u00fc\u00dfen wir Sie herzlich zu einer kulinarischen Reise durch die vielf\u00e4ltigen Aromen und Geschm\u00e4cker Eritreas. Unser Restaurant ist ein Ort, an dem Tradition und Gastfreundschaft aufeinandertreffen, um Ihnen ein unvergessliches kulinarisches Erlebnis zu bieten.Tauchen Sie ein in die Welt der eritreischen K\u00fcche und lassen Sie sich <a href=\"https:\/\/hdmona-langen.de\/?page_id=26\" class=\"more-link\">[&hellip;]<\/a><\/p>\n","protected":false},"author":1,"featured_media":0,"parent":0,"menu_order":0,"comment_status":"closed","ping_status":"closed","template":"","meta":{"footnotes":""},"class_list":["post-26","page","type-page","status-publish","hentry"],"_links":{"self":[{"href":"https:\/\/hdmona-langen.de\/index.php?rest_route=\/wp\/v2\/pages\/26","targetHints":{"allow":["GET"]}}],"collection":[{"href":"https:\/\/hdmona-langen.de\/index.php?rest_route=\/wp\/v2\/pages"}],"about":[{"href":"https:\/\/hdmona-langen.de\/index.php?rest_route=\/wp\/v2\/types\/page"}],"author":[{"embeddable":true,"href":"https:\/\/hdmona-langen.de\/index.php?rest_route=\/wp\/v2\/users\/1"}],"replies":[{"embeddable":true,"href":"https:\/\/hdmona-langen.de\/index.php?rest_route=%2Fwp%2Fv2%2Fcomments&post=26"}],"version-history":[{"count":22,"href":"https:\/\/hdmona-langen.de\/index.php?rest_route=\/wp\/v2\/pages\/26\/revisions"}],"predecessor-version":[{"id":424,"href":"https:\/\/hdmona-langen.de\/index.php?rest_route=\/wp\/v2\/pages\/26\/revisions\/424"}],"wp:attachment":[{"href":"https:\/\/hdmona-langen.de\/index.php?rest_route=%2Fwp%2Fv2%2Fmedia&parent=26"}],"curies":[{"name":"wp","href":"https:\/\/api.w.org\/{rel}","templated":true}]}}