{"id":28,"date":"2022-06-11T23:31:20","date_gmt":"2022-06-11T23:31:20","guid":{"rendered":"https:\/\/hdmona-langen.de\/?page_id=28"},"modified":"2024-07-21T23:58:07","modified_gmt":"2024-07-21T23:58:07","slug":"speisekarte","status":"publish","type":"page","link":"https:\/\/hdmona-langen.de\/?page_id=28","title":{"rendered":"Speisekarte"},"content":{"rendered":"\t\t<div data-elementor-type=\"wp-page\" data-elementor-id=\"28\" class=\"elementor elementor-28\">\n\t\t\t\t\t\t\t\t\t<section class=\"elementor-section elementor-top-section elementor-element elementor-element-170a9f1b elementor-section-boxed elementor-section-height-default elementor-section-height-default\" data-id=\"170a9f1b\" data-element_type=\"section\">\n\t\t\t\t\t\t<div class=\"elementor-container elementor-column-gap-default\">\n\t\t\t\t\t<div class=\"elementor-column elementor-col-100 elementor-top-column elementor-element elementor-element-53a1534\" data-id=\"53a1534\" data-element_type=\"column\">\n\t\t\t<div class=\"elementor-widget-wrap elementor-element-populated\">\n\t\t\t\t\t\t\t\t<div class=\"elementor-element elementor-element-360c718 elementor-position-left elementor-vertical-align-middle elementor-view-default elementor-mobile-position-top elementor-widget elementor-widget-icon-box\" data-id=\"360c718\" data-element_type=\"widget\" data-widget_type=\"icon-box.default\">\n\t\t\t\t<div class=\"elementor-widget-container\">\n\t\t\t<link rel=\"stylesheet\" href=\"https:\/\/hdmona-langen.de\/wp-content\/plugins\/elementor\/assets\/css\/widget-icon-box.min.css\">\t\t<div class=\"elementor-icon-box-wrapper\">\n\t\t\t\t\t\t<div class=\"elementor-icon-box-icon\">\n\t\t\t\t<a class=\"elementor-icon elementor-animation-\" href=\"https:\/\/hdmona-langen.de\/wp-content\/uploads\/2024\/07\/Menu%20Red%20Sea%20Res%20Langen.pdf\">\n\t\t\t\t<i aria-hidden=\"true\" class=\"fas fa-download\"><\/i>\t\t\t\t<\/a>\n\t\t\t<\/div>\n\t\t\t\t\t\t<div class=\"elementor-icon-box-content\">\n\t\t\t\t<h2 class=\"elementor-icon-box-title\">\n\t\t\t\t\t<a href=\"https:\/\/hdmona-langen.de\/wp-content\/uploads\/2024\/07\/Menu%20Red%20Sea%20Res%20Langen.pdf\" >\n\t\t\t\t\t\tSpeisekarte\t\t\t\t\t<\/a>\n\t\t\t\t<\/h2>\n\t\t\t\t\t\t\t\t\t<p class=\"elementor-icon-box-description\">\n\t\t\t\t\t\tEndecken Sie jetzt unsere gro\u00dfe Auswahl an Spei\u00dfen und Getr\u00e4nken!\t\t\t\t\t<\/p>\n\t\t\t\t\t\t\t<\/div>\n\t\t<\/div>\n\t\t\t\t<\/div>\n\t\t\t\t<\/div>\n\t\t\t\t<div class=\"elementor-element elementor-element-68d42c58 elementor-widget elementor-widget-text-editor\" data-id=\"68d42c58\" data-element_type=\"widget\" data-widget_type=\"text-editor.default\">\n\t\t\t\t<div class=\"elementor-widget-container\">\n\t\t\t<style>\/*! elementor - v3.7.0 - 08-08-2022 *\/\n.elementor-widget-text-editor.elementor-drop-cap-view-stacked .elementor-drop-cap{background-color:#818a91;color:#fff}.elementor-widget-text-editor.elementor-drop-cap-view-framed .elementor-drop-cap{color:#818a91;border:3px solid;background-color:transparent}.elementor-widget-text-editor:not(.elementor-drop-cap-view-default) .elementor-drop-cap{margin-top:8px}.elementor-widget-text-editor:not(.elementor-drop-cap-view-default) .elementor-drop-cap-letter{width:1em;height:1em}.elementor-widget-text-editor .elementor-drop-cap{float:left;text-align:center;line-height:1;font-size:50px}.elementor-widget-text-editor .elementor-drop-cap-letter{display:inline-block}<\/style>\t\t\t\t<p><a href=\"https:\/\/hdmona-langen.de\/wp-content\/uploads\/2024\/07\/Menu%20Red%20Sea%20Res%20Langen.pdf\"><img loading=\"lazy\" decoding=\"async\" class=\"alignnone wp-image-395 size-medium\" src=\"https:\/\/hdmona-langen.de\/wp-content\/uploads\/2024\/07\/red-sea-res-menu-212x300.jpg\" alt=\"\" width=\"212\" height=\"300\" srcset=\"https:\/\/hdmona-langen.de\/wp-content\/uploads\/2024\/07\/red-sea-res-menu-212x300.jpg 212w, https:\/\/hdmona-langen.de\/wp-content\/uploads\/2024\/07\/red-sea-res-menu-724x1024.jpg 724w, https:\/\/hdmona-langen.de\/wp-content\/uploads\/2024\/07\/red-sea-res-menu-768x1086.jpg 768w, https:\/\/hdmona-langen.de\/wp-content\/uploads\/2024\/07\/red-sea-res-menu-1086x1536.jpg 1086w, https:\/\/hdmona-langen.de\/wp-content\/uploads\/2024\/07\/red-sea-res-menu-1448x2048.jpg 1448w, https:\/\/hdmona-langen.de\/wp-content\/uploads\/2024\/07\/red-sea-res-menu-1320x1867.jpg 1320w, https:\/\/hdmona-langen.de\/wp-content\/uploads\/2024\/07\/red-sea-res-menu-600x849.jpg 600w, https:\/\/hdmona-langen.de\/wp-content\/uploads\/2024\/07\/red-sea-res-menu-scaled.jpg 1810w\" sizes=\"auto, (max-width: 212px) 100vw, 212px\" \/><\/a><\/p>\t\t\t\t\t\t<\/div>\n\t\t\t\t<\/div>\n\t\t\t\t\t<\/div>\n\t\t<\/div>\n\t\t\t\t\t\t\t<\/div>\n\t\t<\/section>\n\t\t\t\t\t\t\t<\/div>\n\t\t","protected":false},"excerpt":{"rendered":"<p>Speisekarte Endecken Sie jetzt unsere gro\u00dfe Auswahl an Spei\u00dfen und Getr\u00e4nken!<\/p>\n","protected":false},"author":1,"featured_media":0,"parent":0,"menu_order":0,"comment_status":"closed","ping_status":"closed","template":"elementor_header_footer","meta":{"footnotes":""},"class_list":["post-28","page","type-page","status-publish","hentry"],"_links":{"self":[{"href":"https:\/\/hdmona-langen.de\/index.php?rest_route=\/wp\/v2\/pages\/28","targetHints":{"allow":["GET"]}}],"collection":[{"href":"https:\/\/hdmona-langen.de\/index.php?rest_route=\/wp\/v2\/pages"}],"about":[{"href":"https:\/\/hdmona-langen.de\/index.php?rest_route=\/wp\/v2\/types\/page"}],"author":[{"embeddable":true,"href":"https:\/\/hdmona-langen.de\/index.php?rest_route=\/wp\/v2\/users\/1"}],"replies":[{"embeddable":true,"href":"https:\/\/hdmona-langen.de\/index.php?rest_route=%2Fwp%2Fv2%2Fcomments&post=28"}],"version-history":[{"count":46,"href":"https:\/\/hdmona-langen.de\/index.php?rest_route=\/wp\/v2\/pages\/28\/revisions"}],"predecessor-version":[{"id":420,"href":"https:\/\/hdmona-langen.de\/index.php?rest_route=\/wp\/v2\/pages\/28\/revisions\/420"}],"wp:attachment":[{"href":"https:\/\/hdmona-langen.de\/index.php?rest_route=%2Fwp%2Fv2%2Fmedia&parent=28"}],"curies":[{"name":"wp","href":"https:\/\/api.w.org\/{rel}","templated":true}]}}