{"id":33,"date":"2022-06-11T23:32:52","date_gmt":"2022-06-11T23:32:52","guid":{"rendered":"https:\/\/hdmona-langen.de\/?page_id=33"},"modified":"2024-07-22T00:42:17","modified_gmt":"2024-07-22T00:42:17","slug":"reservierung","status":"publish","type":"page","link":"https:\/\/hdmona-langen.de\/?page_id=33","title":{"rendered":"Reservierung"},"content":{"rendered":"<h2><strong>Reservierungssystem in Bearbeitung<\/strong><\/h2>\n<p>Sehr geehrte G\u00e4ste,<\/p>\n<p>wir m\u00f6chten Sie hiermit in Kenntnis nehmen, da\u00df die Online Tischreservierung wieder benutzt werden kann.<\/p>\n<p>Wir freuen uns auf Ihren Besuch.<\/p>\n<p>Ihr Red Sea Team<\/p>\n<p>&nbsp;<\/p>\n<span class=\"glf-button-default glf-button reservation\" style=''  data-glf-cuid=\"\" data-glf-ruid=\"cdf85527-56d7-4478-bdb4-cdf1cdecb935\" data-glf-reservation=\"true\" data-location=\"cdf85527-56d7-4478-bdb4-cdf1cdecb935\">Table Reservation<\/span><script src=\"https:\/\/www.fbgcdn.com\/embedder\/js\/ewm2.js\" defer async ><\/script><style> .glf-reservations-location > span{display:none;} <\/style>\n","protected":false},"excerpt":{"rendered":"<p>Reservierungssystem in Bearbeitung Sehr geehrte G\u00e4ste, wir m\u00f6chten Sie hiermit in Kenntnis nehmen, da\u00df die Online Tischreservierung wieder benutzt werden kann. Wir freuen uns auf Ihren Besuch. Ihr Red Sea Team &nbsp;<\/p>\n","protected":false},"author":1,"featured_media":0,"parent":0,"menu_order":0,"comment_status":"closed","ping_status":"closed","template":"","meta":{"footnotes":""},"class_list":["post-33","page","type-page","status-publish","hentry"],"_links":{"self":[{"href":"https:\/\/hdmona-langen.de\/index.php?rest_route=\/wp\/v2\/pages\/33","targetHints":{"allow":["GET"]}}],"collection":[{"href":"https:\/\/hdmona-langen.de\/index.php?rest_route=\/wp\/v2\/pages"}],"about":[{"href":"https:\/\/hdmona-langen.de\/index.php?rest_route=\/wp\/v2\/types\/page"}],"author":[{"embeddable":true,"href":"https:\/\/hdmona-langen.de\/index.php?rest_route=\/wp\/v2\/users\/1"}],"replies":[{"embeddable":true,"href":"https:\/\/hdmona-langen.de\/index.php?rest_route=%2Fwp%2Fv2%2Fcomments&post=33"}],"version-history":[{"count":14,"href":"https:\/\/hdmona-langen.de\/index.php?rest_route=\/wp\/v2\/pages\/33\/revisions"}],"predecessor-version":[{"id":427,"href":"https:\/\/hdmona-langen.de\/index.php?rest_route=\/wp\/v2\/pages\/33\/revisions\/427"}],"wp:attachment":[{"href":"https:\/\/hdmona-langen.de\/index.php?rest_route=%2Fwp%2Fv2%2Fmedia&parent=33"}],"curies":[{"name":"wp","href":"https:\/\/api.w.org\/{rel}","templated":true}]}}