{"id":84,"date":"2022-06-12T02:03:14","date_gmt":"2022-06-12T02:03:14","guid":{"rendered":"https:\/\/hdmona-langen.de\/?page_id=84"},"modified":"2022-08-09T00:56:45","modified_gmt":"2022-08-09T00:56:45","slug":"gaestebuch","status":"publish","type":"page","link":"https:\/\/hdmona-langen.de\/?page_id=84","title":{"rendered":"G\u00e4stebuch"},"content":{"rendered":"<h3 style=\"text-align: center;\">Sch\u00f6n, dass Sie unser Gast waren! Wir hoffen, dass Sie die Zeit bei uns in jeder Hinsicht genossen haben. Darum w\u00fcrden wir uns sehr freuen, wenn Sie sich mit ein paar Zeilen in unser elektronisches G\u00e4stebuch eintragen.<\/h3>\n<h3 style=\"text-align: center;\">Vielen Dank \u2013 und auf ein baldiges Wiedersehen!<\/h3>\n<p>&nbsp;<\/p>\n<div class=\"gwolle-gb\"><div class=\"gwolle_gb_messages_top_container\"><\/div>\n\t\t\t<div class=\"gwolle-gb-write-button\">\n\t\t\t\t<input type=\"button\" name=\"gwolle-gb-write-button\" class=\"button btn btn-default \" value=\"Neuen Eintrag schreiben\" \/>\n\t\t\t<\/div>\n\t\t\t<form action=\"#\" method=\"POST\" class=\"gwolle-gb-write gwolle-gb-hide gwolle-gb-float gwolle_gb_form_ajax gwolle-gb-form-ajax gwolle-gb-ajax\">\n\t\t\t\t<h3><\/h3>\n\t\t\t\t<button type=\"button\" class=\"gb-notice-dismiss\">x<span class=\"screen-reader-text\">Dieses Formular ausblenden<\/span><\/button>\n\t\t\t\n\t\t\t\t<input type=\"hidden\" name=\"gwolle_gb_function\" class=\"gwolle_gb_function\" value=\"add_entry\" \/><input type=\"hidden\" name=\"gwolle_gb_book_id\" class=\"gwolle_gb_book_id\" value=\"1\" \/><div class=\"gwolle_gb_d97963d0e9b9b2eae8d91517466fe823\">\n\t\t\t\t<div class=\"label\"><label for=\"gwolle_gb_d97963d0e9b9b2eae8d91517466fe823\" class=\"text-info\">Name *<\/label><\/div>\n\t\t\t\t<div class=\"input\"><input class=\"wp-exclude-emoji gwolle_gb_d97963d0e9b9b2eae8d91517466fe823\" value=\"\" type=\"text\" name=\"gwolle_gb_d97963d0e9b9b2eae8d91517466fe823\" required \/><\/div>\n\t\t\t\t<div class=\"clearBoth\">&nbsp;<\/div>\n\t\t\t<\/div><div class=\"gwolle_gb_e7a26ec5571cde881bbfd8c7d4b12290\">\n\t\t\t\t\t<div class=\"label\"><label for=\"gwolle_gb_e7a26ec5571cde881bbfd8c7d4b12290\" class=\"text-info\">Ort<\/label><\/div>\n\t\t\t\t\t<div class=\"input\"><input class=\"wp-exclude-emoji gwolle_gb_e7a26ec5571cde881bbfd8c7d4b12290\" value=\"\" type=\"text\" name=\"gwolle_gb_e7a26ec5571cde881bbfd8c7d4b12290\" \/><\/div>\n\t\t\t\t\t<div class=\"clearBoth\">&nbsp;<\/div>\n\t\t\t\t<\/div><div class=\"gwolle_gb_9b3355970907e7801c74fb29033be48a\">\n\t\t\t\t<div class=\"label\"><label for=\"gwolle_gb_9b3355970907e7801c74fb29033be48a\" class=\"text-info\">E-Mail *<\/label><\/div>\n\t\t\t\t<div class=\"input\"><input class=\"gwolle_gb_9b3355970907e7801c74fb29033be48a\" value=\"\" type=\"email\" name=\"gwolle_gb_9b3355970907e7801c74fb29033be48a\" required \/><\/div>\n\t\t\t\t<div class=\"clearBoth\">&nbsp;<\/div>\n\t\t\t<\/div><div class=\"gwolle_gb_20f0331b05e071c369a9de72b9032e26\">\n\t\t\t\t<div class=\"label\"><label for=\"gwolle_gb_20f0331b05e071c369a9de72b9032e26\" class=\"text-info\">Website<\/label><\/div>\n\t\t\t\t<div class=\"input\"><input class=\"gwolle_gb_20f0331b05e071c369a9de72b9032e26\" value=\"\" type=\"url\" name=\"gwolle_gb_20f0331b05e071c369a9de72b9032e26\" \/><\/div>\n\t\t\t\t<div class=\"clearBoth\">&nbsp;<\/div>\n\t\t\t<\/div>\n\t\t\t<div class=\"gwolle_gb_ba45c0e23c1ab9aee44b6096868444e1\" style=\"display:none;\">\n\t\t\t\t<div class=\"label\">\n\t\t\t\t\t<label for=\"gwolle_gb_ba45c0e23c1ab9aee44b6096868444e1\" class=\"text-primary\">Hier nichts eingeben<\/label>\n\t\t\t\t\t<label for=\"gwolle_gb_1dfd600472a7a899be1dbe30a35e2db2\" class=\"text-primary\">Hier nichts eingeben<\/label>\n\t\t\t\t<\/div>\n\t\t\t\t<div class=\"input\">\n\t\t\t\t\t<input value=\"68\" type=\"text\" name=\"gwolle_gb_ba45c0e23c1ab9aee44b6096868444e1\" class=\"gwolle_gb_ba45c0e23c1ab9aee44b6096868444e1\" \/>\n\t\t\t\t\t<input value=\"\" type=\"text\" name=\"gwolle_gb_1dfd600472a7a899be1dbe30a35e2db2\" class=\"gwolle_gb_1dfd600472a7a899be1dbe30a35e2db2\" \/>\n\t\t\t\t<\/div>\n\t\t\t\t<div class=\"clearBoth\"><\/div>\n\t\t\t<\/div>\n\t\t\t<div class=\"gwolle_gb_293e7d6abf3cf4a1a5f2a921084898eb\" style=\"display:none;\">\n\t\t\t\t<div class=\"label\">\n\t\t\t\t\t<label for=\"gwolle_gb_293e7d6abf3cf4a1a5f2a921084898eb\" class=\"text-primary\">Hier nichts eingeben<\/label>\n\t\t\t\t\t<label for=\"gwolle_gb_9ed65fdf592233f7ebf4b5fe48dc362d\" class=\"text-primary\">Hier nichts eingeben<\/label>\n\t\t\t\t<\/div>\n\t\t\t\t<div class=\"input\">\n\t\t\t\t\t<input value=\"80660\" type=\"text\" name=\"gwolle_gb_293e7d6abf3cf4a1a5f2a921084898eb\" class=\"gwolle_gb_293e7d6abf3cf4a1a5f2a921084898eb\" \/>\n\t\t\t\t\t<input value=\"80660\" type=\"text\" name=\"gwolle_gb_9ed65fdf592233f7ebf4b5fe48dc362d\" class=\"gwolle_gb_9ed65fdf592233f7ebf4b5fe48dc362d\" \/>\n\t\t\t\t<\/div>\n\t\t\t\t<div class=\"clearBoth\"><\/div>\n\t\t\t<\/div><div class=\"gwolle_gb_content\">\n\t\t\t\t<div class=\"label\"><label for=\"gwolle_gb_content\" class=\"text-info\">G\u00e4stebucheintrag *<\/label><\/div>\n\t\t\t\t<div class=\"input\"><textarea name=\"gwolle_gb_content\" class=\"gwolle_gb_content wp-exclude-emoji\" required ><\/textarea><\/div>\n\t\t\t\t\t<div class=\"clearBoth\">&nbsp;<\/div>\n\t\t\t\t<\/div><input type=\"hidden\" class=\"gwolle_gb_9955bafbda2ddaa16d09fd76dde4c5fc\" name=\"gwolle_gb_9955bafbda2ddaa16d09fd76dde4c5fc\" value=\"0b598245cc\" \/>\n\t\t\t<div class=\"gwolle_gb_messages_bottom_container\"><\/div>\n\n\t\t\t<noscript><div class=\"no-js\">Warnung: Dieses Formular kann nur verwendet werden, wenn in deinem Browser JavaScript aktiviert ist.<\/div><\/noscript>\n\n\t\t\t<div class=\"gwolle_gb_submit\">\n\t\t\t\t<div class=\"label gwolle-gb-invisible text-muted\">&nbsp;<\/div>\n\t\t\t\t<div class=\"input\">\n\t\t\t\t\t<input type=\"submit\" name=\"gwolle_gb_submit\" class=\"gwolle_gb_submit button btn btn-primary \" value=\"Absenden\" \/>\n\t\t\t\t\t<span class=\"gwolle_gb_submit_ajax_icon\"><\/span>\n\t\t\t\n\t\t\t\t<\/div>\n\t\t\t\t<div class=\"clearBoth\">&nbsp;<\/div>\n\t\t\t<\/div>\n\n\t\t\t<div class=\"gwolle_gb_notice\">\n\t\t\t\t\n\t\t\t<\/div><\/form><div class=\"gwolle-gb-read gwolle-gb-ajax\" data-book_id=\"1\">(Noch keine Eintr\u00e4ge)<\/div><\/div>\n","protected":false},"excerpt":{"rendered":"<p>Sch\u00f6n, dass Sie unser Gast waren! Wir hoffen, dass Sie die Zeit bei uns in jeder Hinsicht genossen haben. Darum w\u00fcrden wir uns sehr freuen, wenn Sie sich mit ein paar Zeilen in unser elektronisches G\u00e4stebuch eintragen. Vielen Dank \u2013 und auf ein baldiges Wiedersehen! &nbsp;<\/p>\n","protected":false},"author":1,"featured_media":0,"parent":0,"menu_order":0,"comment_status":"closed","ping_status":"closed","template":"","meta":{"footnotes":""},"class_list":["post-84","page","type-page","status-publish","hentry"],"_links":{"self":[{"href":"https:\/\/hdmona-langen.de\/index.php?rest_route=\/wp\/v2\/pages\/84","targetHints":{"allow":["GET"]}}],"collection":[{"href":"https:\/\/hdmona-langen.de\/index.php?rest_route=\/wp\/v2\/pages"}],"about":[{"href":"https:\/\/hdmona-langen.de\/index.php?rest_route=\/wp\/v2\/types\/page"}],"author":[{"embeddable":true,"href":"https:\/\/hdmona-langen.de\/index.php?rest_route=\/wp\/v2\/users\/1"}],"replies":[{"embeddable":true,"href":"https:\/\/hdmona-langen.de\/index.php?rest_route=%2Fwp%2Fv2%2Fcomments&post=84"}],"version-history":[{"count":6,"href":"https:\/\/hdmona-langen.de\/index.php?rest_route=\/wp\/v2\/pages\/84\/revisions"}],"predecessor-version":[{"id":211,"href":"https:\/\/hdmona-langen.de\/index.php?rest_route=\/wp\/v2\/pages\/84\/revisions\/211"}],"wp:attachment":[{"href":"https:\/\/hdmona-langen.de\/index.php?rest_route=%2Fwp%2Fv2%2Fmedia&parent=84"}],"curies":[{"name":"wp","href":"https:\/\/api.w.org\/{rel}","templated":true}]}}